{"id":99,"date":"2023-02-03T01:17:29","date_gmt":"2023-02-03T07:17:29","guid":{"rendered":"http:\/\/congresolenguas.ucr.ac.cr\/?page_id=99"},"modified":"2023-07-12T09:01:11","modified_gmt":"2023-07-12T15:01:11","slug":"costa-rica","status":"publish","type":"page","link":"https:\/\/congresolenguas.ucr.ac.cr\/en\/costa-rica\/","title":{"rendered":"Costa Rica"},"content":{"rendered":"[et_pb_section fb_built=\u00bb1&#8243; admin_label=\u00bbsection\u00bb _builder_version=\u00bb4.16&#8243; global_colors_info=\u00bb{}\u00bb][et_pb_row admin_label=\u00bbrow\u00bb _builder_version=\u00bb4.16&#8243; background_size=\u00bbinitial\u00bb background_position=\u00bbtop_left\u00bb background_repeat=\u00bbrepeat\u00bb global_colors_info=\u00bb{}\u00bb][et_pb_column type=\u00bb4_4&#8243; _builder_version=\u00bb4.16&#8243; custom_padding=\u00bb|||\u00bb global_colors_info=\u00bb{}\u00bb custom_padding__hover=\u00bb|||\u00bb][et_pb_text admin_label=\u00bbText\u00bb _builder_version=\u00bb4.20.2&#8243; background_size=\u00bbinitial\u00bb background_position=\u00bbtop_left\u00bb background_repeat=\u00bbrepeat\u00bb hover_enabled=\u00bb0&#8243; global_colors_info=\u00bb{}\u00bb sticky_enabled=\u00bb0&#8243;]<p><\/p>\n<p><strong>Information about Costa Rica<\/strong><\/p>\n<p style=\"text-align: center;\"><img loading=\"lazy\" decoding=\"async\" class=\"wp-image-380 alignnone\" src=\"http:\/\/congresolenguas.ucr.ac.cr\/wp-content\/uploads\/2023\/07\/oso2-268x300.png\" alt=\"\" width=\"114\" height=\"127\" \/>\u00a0 \u00a0\u00a0<br \/><\/p>\n<p><\/p>\n<p class=\" translation-block\"><strong>Costa Rica <\/strong>is in\u00a0Central America. It shares its northern board with Nicaragua and its southeast one with Panama. Its territory is surrounded to the east by the Caribbean Sea and to the west by the Pacific Ocean. San Jos\u00e9 is its capital, political and economic center. The official language is Spanish.<\/p>\n<p><img loading=\"lazy\" decoding=\"async\" width=\"325\" height=\"242\" class=\"wp-image-124 aligncenter\" src=\"https:\/\/congresolenguas.ucr.ac.cr\/wp-content\/uploads\/2023\/02\/Costa-rica-map.png\" alt=\"\" srcset=\"https:\/\/congresolenguas.ucr.ac.cr\/wp-content\/uploads\/2023\/02\/Costa-rica-map.png 325w, https:\/\/congresolenguas.ucr.ac.cr\/wp-content\/uploads\/2023\/02\/Costa-rica-map-300x223.png 300w\" sizes=\"auto, (max-width: 325px) 100vw, 325px\" \/><\/p>\n<p><img loading=\"lazy\" decoding=\"async\" class=\"wp-image-362 alignright\" src=\"http:\/\/congresolenguas.ucr.ac.cr\/wp-content\/uploads\/2023\/07\/juliana-barquero-sDjyonpaCEc-unsplash-300x225.jpg\" alt=\"\" width=\"228\" height=\"171\" \/><\/p>\n<p><\/p>\n<p>Costa Rica is one of the most consolidated democracies in America. It has preserved good political stability despite the economic and social difficulties of the last two decades. Costa Rica gained worldwide recognition for being the first country to abolish the army on December 1, 1948. Its high human development index is one of the best in Latin America. Also, it has one of the highest tourism competitiveness indexes in the American Continent. In addition, several studies classify it as one of the happiest countries in the world.<\/p>\n<p><\/p>\n<p><\/p>\n<p><\/p>\n<p><img loading=\"lazy\" decoding=\"async\" class=\"wp-image-360 alignleft\" src=\"http:\/\/congresolenguas.ucr.ac.cr\/wp-content\/uploads\/2023\/07\/Costa-rica-225x300.jpg\" alt=\"\" width=\"152\" height=\"203\" \/>Costa Rica\u2019s temperature in the Central Valley is approximately 22\u00b0C (72\u00b0F). The country has two seasons: the dry season from December to March and the rainy season from May to October. Transitions from one season to another happen in April and November. In July, there is a decrease in rainfall due to a change in wind circulation. In December, there may be sporadic rains and strong wind, so having an umbrella and a light coat is advisable. Costa Rica shows a great diversity of climates due to the prevailing winds and the small size of the territory. In addition, it has a mountain range that crosses the country from northwest to southeast with elevations of up to 3,820 meters above sea level.<\/p>\n<p><\/p>\n<p><\/p>\n<p>Costa Rica's stable economy depends mainly on tourism and the export of agricultural products, such as coffee, bananas, sugar cane, tropical fruit, and flowers, among others. Corn, beans, vegetables, tobacco, and cotton are also produced. The livestock activity is made up of cattle, pigs, and horses, as well as poultry. The country\u2019s natural beauty\u2014its diverse beaches, national parks, volcanoes, islands, and tropical forests\u2014is responsible for its great tourist boom.<\/p>\n<p><\/p>\n<p><\/p>\n<p>For more information, you may read the following newspapers:<\/p>\n<p><\/p>\n<p><\/p>\n<figure class=\"wp-block-table\">\n<table>\n<tbody>\n<tr>\n<td><strong>La Naci\u00f3n<\/strong><\/td>\n<td>San Jos\u00e9<\/td>\n<td><a href=\"http:\/\/www.nacion.com\/\">www.nacion.com<\/a><\/td>\n<\/tr>\n<tr>\n<td><strong>La Rep\u00fablica<\/strong><\/td>\n<td>San Jos\u00e9<\/td>\n<td><a href=\"http:\/\/www.larepublica.net\/\">www.larepublica.net<\/a><\/td>\n<\/tr>\n<tr>\n<td><strong>La Prensa Libre<\/strong><\/td>\n<td>San Jos\u00e9<\/td>\n<td><a href=\"http:\/\/www.prensalibre.co.cr\/\">www.prensalibre.co.cr<\/a><\/td>\n<\/tr>\n<tr>\n<td><strong>Semanario Universitario<\/strong><\/td>\n<td>San Jos\u00e9<\/td>\n<td><a href=\"http:\/\/www.semanario.ucr.ac.cr\/\">www.semanario.ucr.ac.cr<\/a><\/td>\n<\/tr>\n<\/tbody>\n<\/table>\n<\/figure>\n<p><\/p>\n<p><\/p>\n<p>The capital city's international airport, Juan Santamar\u00eda International Airport (SJO), has more than 30 direct routes from different cities throughout the Americas.<\/p>\n<p><\/p>\n<p><\/p>\n<figure class=\"wp-block-embed\">\n<div class=\"wp-block-embed__wrapper\"><img loading=\"lazy\" decoding=\"async\" class=\"wp-image-233 alignnone size-medium\" src=\"http:\/\/congresolenguas.ucr.ac.cr\/wp-content\/uploads\/2023\/04\/SJO-Americas-destinations-300x300.png\" alt=\"\" width=\"300\" height=\"300\" \/><\/div>\n<\/figure>\n<p><\/p>\n<p><strong>Hotels (Some options):<\/strong><\/p>\n<ul>\n<li>Hotel Tairona:\u00a0<a href=\"http:\/\/www.taironainn.com\/\">www.taironainn.com<\/a><\/li>\n<li>Hotel Ave del Para\u00edso:\u00a0\u00a0<a href=\"http:\/\/www.hotelavedelparaiso.com\/\">www.hotelavedelparaiso.com<\/a><\/li>\n<li>Gran Casa Universitaria:\u00a0<a href=\"about:blank\">rvonbrey@racsa.co.cr<\/a><\/li>\n<li>Apartotel Los Yoses:\u00a0\u00a0<a href=\"http:\/\/www.apartotel.com\/\">www.apartotel.com<\/a><\/li>\n<li>Casa Conde:\u00a0\u00a0<a href=\"http:\/\/www.grupocasaconde.com\/\">www.grupocasaconde.com<\/a><\/li>\n<li>Hotel Boutique Jade:\u00a0<a href=\"http:\/\/www.hotelboutiquejade.com\/\">www.hotelboutiquejade.com<\/a><\/li>\n<\/ul>\n<p><img loading=\"lazy\" decoding=\"async\" class=\"wp-image-364 aligncenter size-medium\" src=\"http:\/\/congresolenguas.ucr.ac.cr\/wp-content\/uploads\/2023\/07\/selina-bubendorfer-X3zFdLVQLKE-unsplash-200x300.jpg\" alt=\"\" width=\"200\" height=\"300\" \/><\/p>[\/et_pb_text][\/et_pb_column][\/et_pb_row][\/et_pb_section]","protected":false},"excerpt":{"rendered":"<p>Informaci\u00f3n sobre Costa Rica \u00a0 \u00a0\u00a0 Costa Rica\u00a0es un pa\u00eds de Centroam\u00e9rica. Limita al norte con Nicaragua, al sureste con Panam\u00e1. Su territorio es ba\u00f1ado al este por el Mar Caribe y al oeste por el Oc\u00e9ano Pac\u00edfico. Su capital, centro pol\u00edtico y econ\u00f3mico es San Jos\u00e9. El idioma oficial es el espa\u00f1ol. Costa Rica, [&hellip;]<\/p>","protected":false},"author":1,"featured_media":0,"parent":0,"menu_order":0,"comment_status":"closed","ping_status":"closed","template":"","meta":{"_et_pb_use_builder":"on","_et_pb_old_content":"<!-- wp:paragraph -->\r\n<p><strong>Informaci\u00f3n sobre Costa Rica<\/strong><\/p>\r\n<!-- \/wp:paragraph -->\r\n\r\n<!-- wp:paragraph -->\r\n<p><strong>Costa Rica<\/strong>\u00a0es un pa\u00eds de Centroam\u00e9rica. Limita al norte con Nicaragua, al sureste con Panam\u00e1. Su territorio es ba\u00f1ado al este por el Mar Caribe y al oeste por el Oc\u00e9ano Pac\u00edfico. Su capital, centro pol\u00edtico y econ\u00f3mico es San Jos\u00e9. El idioma oficial es el espa\u00f1ol.<\/p>\r\n<!-- \/wp:paragraph -->\r\n\r\n<!-- wp:paragraph -->\r\n<p>Costa Rica, una de las democracias m\u00e1s consolidadas de Am\u00e9rica. Ha mantenido una buena estabilidad pol\u00edtica, a pesar de las dificultades econ\u00f3micas y sociales de las \u00faltimas dos d\u00e9cadas. Costa Rica gan\u00f3 reconocimiento mundial al haber sido el primer pa\u00eds en abolir el ej\u00e9rcito el 1 de diciembre de 1948. Su \u00edndice de alto desarrollo humano es uno de los mejores en Latinoam\u00e9rica. Tambi\u00e9n Costa Rica cuenta con uno de los mayores \u00edndices de competitividad tur\u00edstica en el Continente Americano. Adem\u00e1s, varios estudios lo se\u00f1alan como uno de los pa\u00edses m\u00e1s felices del mundo.<\/p>\r\n<!-- \/wp:paragraph -->\r\n\r\n<!-- wp:image {\"id\":124,\"sizeSlug\":\"full\",\"linkDestination\":\"none\"} -->\r\n<figure class=\"wp-block-image size-full\"><img src=\"https:\/\/congresolenguas.ucr.ac.cr\/wp-content\/uploads\/2023\/02\/Costa-rica-map.png\" alt=\"\" class=\"wp-image-124\"\/><\/figure>\r\n<!-- \/wp:image -->\r\n\r\n<!-- wp:paragraph -->\r\n<p>Costa Rica, en el Valle Central, tiene una temperatura de aproximadamente 22\u00b0C. Tiene dos estaciones: la \u00e9poca seca que va desde diciembre hasta marzo y la \u00e9poca lluviosa que se extiende desde mayo a octubre. Abril y noviembre son meses de transici\u00f3n de una \u00e9poca a otra. En julio se nota una disminuci\u00f3n de las lluvias provocada por un cambio en la circulaci\u00f3n del viento. En diciembre pueden presentarse lluvias espor\u00e1dicas y viento en r\u00e1fagas fuertes, por lo que es recomendable contar con un paraguas y un abrigo ligero. Costa Rica tiene una gran diversidad de climas producto de los vientos dominantes y de lo peque\u00f1o del territorio. Adem\u00e1s, posee una cadena monta\u00f1osa que atraviesa el pa\u00eds de noroeste a sureste con elevaciones de hasta 3.820 metros sobre el nivel del mar.\u00a0<\/p>\r\n<!-- \/wp:paragraph -->\r\n\r\n<!-- wp:paragraph -->\r\n<p>La econom\u00eda de Costa Rica es bastante estable, y depende esencialmente del turismo y la exportaci\u00f3n de productos agr\u00edcolas, como el caf\u00e9, el banano, la ca\u00f1a de az\u00facar, frutas tropicales y flores entre otros. Tambi\u00e9n se cultiva ma\u00edz, frijol, hortalizas, tabaco y algod\u00f3n. La actividad ganadera est\u00e1 conformada por ganado vacuno, porcino y caballar, as\u00ed como de aves de corral. El gran auge tur\u00edstico del pa\u00eds se debe a su belleza natural, la cual se observa en sus diversas playas, parques nacionales, volcanes, islas y bosques tropicales.<\/p>\r\n<!-- \/wp:paragraph -->\r\n\r\n<!-- wp:paragraph -->\r\n<p>Para mayor informaci\u00f3n, puede consultar los siguientes peri\u00f3dicos:<\/p>\r\n<!-- \/wp:paragraph -->\r\n\r\n<!-- wp:table -->\r\n<figure class=\"wp-block-table\"><table><tbody><tr><td><strong>La Naci\u00f3n<\/strong><\/td><td>San Jos\u00e9<\/td><td><a href=\"http:\/\/www.nacion.com\/\">www.nacion.com<\/a><\/td><\/tr><tr><td><strong>La Rep\u00fablica<\/strong><\/td><td>San Jos\u00e9<\/td><td><a href=\"http:\/\/www.larepublica.net\/\">www.larepublica.net<\/a><\/td><\/tr><tr><td><strong>La Prensa Libre<\/strong><\/td><td>San Jos\u00e9<\/td><td><a href=\"http:\/\/www.prensalibre.co.cr\/\">www.prensalibre.co.cr<\/a><\/td><\/tr><tr><td><strong>Semanario Universitario<\/strong><\/td><td>San Jos\u00e9<\/td><td><a href=\"http:\/\/www.semanario.ucr.ac.cr\/\">www.semanario.ucr.ac.cr<\/a><\/td><\/tr><\/tbody><\/table><\/figure>\r\n<!-- \/wp:table -->\r\n\r\n<!-- wp:paragraph -->\r\n<p>El aeropuerto internacional de la ciudad capital, Aeropuerto Internacional Juan Santamar\u00eda, cuenta con m\u00e1s de 30 rutas directas de diferentes ciudades a trav\u00e9s del continente americano.\u00a0<\/p>\r\n<!-- \/wp:paragraph -->\r\n\r\n<!-- wp:embed {\"url\":\"https:\/\/upload.wikimedia.org\/wikipedia\/commons\/f\/f3\/SJO-Americas-destinations.png\"} -->\r\n<figure class=\"wp-block-embed\"><div class=\"wp-block-embed__wrapper\">\r\nhttps:\/\/upload.wikimedia.org\/wikipedia\/commons\/f\/f3\/SJO-Americas-destinations.png\r\n<\/div><\/figure>\r\n<!-- \/wp:embed -->","_et_gb_content_width":"","footnotes":""},"class_list":["post-99","page","type-page","status-publish","hentry"],"aioseo_notices":[],"_links":{"self":[{"href":"https:\/\/congresolenguas.ucr.ac.cr\/en\/wp-json\/wp\/v2\/pages\/99","targetHints":{"allow":["GET"]}}],"collection":[{"href":"https:\/\/congresolenguas.ucr.ac.cr\/en\/wp-json\/wp\/v2\/pages"}],"about":[{"href":"https:\/\/congresolenguas.ucr.ac.cr\/en\/wp-json\/wp\/v2\/types\/page"}],"author":[{"embeddable":true,"href":"https:\/\/congresolenguas.ucr.ac.cr\/en\/wp-json\/wp\/v2\/users\/1"}],"replies":[{"embeddable":true,"href":"https:\/\/congresolenguas.ucr.ac.cr\/en\/wp-json\/wp\/v2\/comments?post=99"}],"version-history":[{"count":8,"href":"https:\/\/congresolenguas.ucr.ac.cr\/en\/wp-json\/wp\/v2\/pages\/99\/revisions"}],"predecessor-version":[{"id":381,"href":"https:\/\/congresolenguas.ucr.ac.cr\/en\/wp-json\/wp\/v2\/pages\/99\/revisions\/381"}],"wp:attachment":[{"href":"https:\/\/congresolenguas.ucr.ac.cr\/en\/wp-json\/wp\/v2\/media?parent=99"}],"curies":[{"name":"wp","href":"https:\/\/api.w.org\/{rel}","templated":true}]}}