{"id":97,"date":"2023-02-03T01:16:43","date_gmt":"2023-02-03T07:16:43","guid":{"rendered":"http:\/\/congresolenguas.ucr.ac.cr\/?page_id=97"},"modified":"2023-07-12T08:23:39","modified_gmt":"2023-07-12T14:23:39","slug":"presentacion","status":"publish","type":"page","link":"https:\/\/congresolenguas.ucr.ac.cr\/en\/presentacion\/","title":{"rendered":"UCR Overview"},"content":{"rendered":"<p>[et_pb_section fb_built=\u00bb1&#8243; admin_label=\u00bbsection\u00bb _builder_version=\u00bb4.16&#8243; global_colors_info=\u00bb{}\u00bb][et_pb_row admin_label=\u00bbrow\u00bb _builder_version=\u00bb4.16&#8243; background_size=\u00bbinitial\u00bb background_position=\u00bbtop_left\u00bb background_repeat=\u00bbrepeat\u00bb global_colors_info=\u00bb{}\u00bb][et_pb_column type=\u00bb4_4&#8243; _builder_version=\u00bb4.16&#8243; custom_padding=\u00bb|||\u00bb global_colors_info=\u00bb{}\u00bb custom_padding__hover=\u00bb|||\u00bb][et_pb_text admin_label=\u00bbText\u00bb _builder_version=\u00bb4.20.2&#8243; background_size=\u00bbinitial\u00bb background_position=\u00bbtop_left\u00bb background_repeat=\u00bbrepeat\u00bb hover_enabled=\u00bb0&#8243; global_colors_info=\u00bb{}\u00bb sticky_enabled=\u00bb0&#8243;]<\/p>\n<p><img loading=\"lazy\" decoding=\"async\" class=\"wp-image-376 aligncenter\" src=\"http:\/\/congresolenguas.ucr.ac.cr\/wp-content\/uploads\/2023\/07\/ucr1-223x300.png\" alt=\"\" width=\"86\" height=\"116\" \/><\/p>\n<p>&nbsp;<\/p>\n<p><span style=\"font-size: 14px;\">The University of Costa Rica, a distinguished Higher Education Institution, has been a pioneer in foreign language learning. In The School of Modern Languages, the study of languages has been explored from an integral, methodical, and scientific perspective.<\/span><\/p>\n<p>&nbsp;<\/p>\n<p>The School of Modern Languages offers the following options for students who wish to pursue a major in languages.<\/p>\n<table style=\"height: 83px; width: 100%; border-collapse: collapse; border-style: hidden;\" border=\"0\">\n<tbody>\n<tr style=\"height: 83px;\">\n<td style=\"width: 50%; height: 83px;\"><img loading=\"lazy\" decoding=\"async\" class=\"wp-image-309  aligncenter\" src=\"http:\/\/congresolenguas.ucr.ac.cr\/wp-content\/uploads\/2023\/06\/firma-promocional-con-texto-celeste-rgb.png\" alt=\"\" width=\"157\" height=\"84\" srcset=\"https:\/\/congresolenguas.ucr.ac.cr\/wp-content\/uploads\/2023\/06\/firma-promocional-con-texto-celeste-rgb.png 274w, https:\/\/congresolenguas.ucr.ac.cr\/wp-content\/uploads\/2023\/06\/firma-promocional-con-texto-celeste-rgb-18x10.png 18w\" sizes=\"auto, (max-width: 157px) 100vw, 157px\" \/><\/td>\n<td style=\"width: 50%; height: 83px;\"><img loading=\"lazy\" decoding=\"async\" class=\"wp-image-40 size-medium aligncenter\" src=\"http:\/\/congresolenguas.ucr.ac.cr\/wp-content\/uploads\/2023\/02\/Indentificador_horizontal-300x56.png\" alt=\"\" width=\"300\" height=\"56\" \/><\/td>\n<\/tr>\n<\/tbody>\n<\/table>\n<p>&nbsp;<\/p>\n<ul>\n<li>B.A. in French<\/li>\n<li>B.A. in English<\/li>\n<li>B.A. in French Teaching (shared major with the School of Teacher Education)<\/li>\n<li>B.A. in English Teaching (shared major with the School of Teacher Education<\/li>\n<li>Certificate and B.A. in French Teaching (distance learning modality) (shared major with the School of Teacher Education)<\/li>\n<li>B.A. in English Teaching (distance learning modality)<\/li>\n<li>Specialist Degree in Foreign Language Teaching (shared major with the School of Teacher Education)<\/li>\n<li>Master Program in Teaching English as a Foreign Language<\/li>\n<li>Master Program in French Literature<\/li>\n<li>Master Program in English Literature<\/li>\n<\/ul>\n<p>First as a department and then as a School of the Faculty of Letters, the School of Modern Languages has proven its lifetime commitment to the search for quality and excellence. In this constant flow of vital energy, the presence of linguistic multiplicity and cultural diversity sets the tone for implementing a flexible teaching-learning methodology that adapts to the socio-historical environment of each language.<\/p>\n<p>Even when the school started teaching English and French, it widened its horizons by gradually increasing the variety of offered languages; for example, Romanian was introduced 20 years ago while Korean has been available more recently. Currently, the School of Modern Languages offers courses in 11 languages to the university and national community; those languages include Arabic, Catalan, English, French, Korean, German, Italian, Japanese, Mandarin, Portuguese, and Russian.<\/p>\n<p>The School of Modern Languages also has several special programs: bi-modal B.A. programs (English, Distance Learning Modality, and French Distance Learning Modality), programs for students from other majors and university administrative staff (Area-Based English Program), and programs open to the community (Conversational Courses Program). In addition, the School of Modern Languages collaborates with national institutions such as the MEP, CONARE, and with various embassies and foreign language centers by carrying out joint activities.<\/p>\n<p><img loading=\"lazy\" decoding=\"async\" class=\"wp-image-375 aligncenter size-medium\" src=\"http:\/\/congresolenguas.ucr.ac.cr\/wp-content\/uploads\/2023\/07\/rs271890__dsc4502-6418df3372c38-300x200.jpg\" alt=\"\" width=\"300\" height=\"200\" \/><\/p>\n<p>&nbsp;<\/p>\n<p><a href=\"http:\/\/congresolenguas.ucr.ac.cr\/wp-content\/uploads\/2023\/04\/mapas_ubicacion-web-2018.pdf\" target=\"_blank\" rel=\"noopener\" data-wplink-edit=\"true\">UCR MAPS &gt;&gt;&gt;<\/a><\/p>\n<p>[\/et_pb_text][\/et_pb_column][\/et_pb_row][\/et_pb_section]<\/p>","protected":false},"excerpt":{"rendered":"<p>&nbsp; La Universidad de Costa Rica, Instituci\u00f3n Benem\u00e9rita de la Ense\u00f1anza Superior de Costa Rica, ha sido pionera en la formaci\u00f3n en lenguas extranjeras. En ella, la Escuela de Lenguas Modernas ha sabido encargarse de abordar el estudio de los idiomas de una manera integral, met\u00f3dica y cient\u00edfica. &nbsp; La Escuela de Lenguas Modernas ofrece [&hellip;]<\/p>","protected":false},"author":1,"featured_media":0,"parent":0,"menu_order":0,"comment_status":"closed","ping_status":"closed","template":"","meta":{"_et_pb_use_builder":"on","_et_pb_old_content":"<!-- wp:paragraph -->\r\n<p><strong>Presentaci\u00f3n<\/strong><\/p>\r\n<!-- \/wp:paragraph -->\r\n\r\n<!-- wp:paragraph -->\r\n<p>La Universidad de Costa Rica, Instituci\u00f3n Benem\u00e9rita de la Ense\u00f1anza Superior de Costa Rica, ha sido pionera en la formaci\u00f3n en lenguas extranjeras. En ella, la Escuela de Lenguas Modernas ha sabido encargarse de abordar el estudio de los idiomas de una manera integral, met\u00f3dica y cient\u00edfica.<\/p>\r\n<!-- \/wp:paragraph -->\r\n\r\n<!-- wp:paragraph -->\r\n<p>La Escuela de Lenguas Modernas ofrece las siguientes opciones para los\/las estudiantes que desean seguir una carrera en idiomas y obtener un t\u00edtulo:<\/p>\r\n<!-- \/wp:paragraph -->\r\n\r\n<!-- wp:list -->\r\n<ul><!-- wp:list-item -->\r\n<li>Bachillerato en Franc\u00e9s<\/li>\r\n<!-- \/wp:list-item -->\r\n\r\n<!-- wp:list-item -->\r\n<li>Bachillerato en Ingl\u00e9s<\/li>\r\n<!-- \/wp:list-item -->\r\n\r\n<!-- wp:list-item -->\r\n<li>Bachillerato en la Ense\u00f1anza del Franc\u00e9s (carrera compartida con la Escuela de Formaci\u00f3n Docente)<\/li>\r\n<!-- \/wp:list-item -->\r\n\r\n<!-- wp:list-item -->\r\n<li>Bachillerato en la Ense\u00f1anza del Ingl\u00e9s (carrera compartida con la Escuela de Formaci\u00f3n Docente)<\/li>\r\n<!-- \/wp:list-item -->\r\n\r\n<!-- wp:list-item -->\r\n<li>Profesorado y Bachillerato en la Ense\u00f1anza del Franc\u00e9s (modalidad a distancia carrera, compartida con la Escuela de Formaci\u00f3n Docente)<\/li>\r\n<!-- \/wp:list-item -->\r\n\r\n<!-- wp:list-item -->\r\n<li>Bachillerato en Ingl\u00e9s (modalidad a distancia)<\/li>\r\n<!-- \/wp:list-item -->\r\n\r\n<!-- wp:list-item -->\r\n<li>Licenciatura en la Ense\u00f1anza de Lengua Extranjera (carrera compartida con la Escuela de Formaci\u00f3n Docente)<\/li>\r\n<!-- \/wp:list-item -->\r\n\r\n<!-- wp:list-item -->\r\n<li>Maestr\u00eda en la Ense\u00f1anza del Ingl\u00e9s como Lenguas Extranjera.<\/li>\r\n<!-- \/wp:list-item -->\r\n\r\n<!-- wp:list-item -->\r\n<li>Maestr\u00eda en Literatura Francesa<\/li>\r\n<!-- \/wp:list-item -->\r\n\r\n<!-- wp:list-item -->\r\n<li>Maestr\u00eda en Literatura Inglesa<\/li>\r\n<!-- \/wp:list-item --><\/ul>\r\n<!-- \/wp:list -->\r\n\r\n<!-- wp:paragraph -->\r\n<p>Primero como un departamento y luego como una Escuela de la Facultad de Letras, la Escuela de Lenguas Modernas ha demostrado durante toda su existencia que la b\u00fasqueda de la calidad y la excelencia es una de sus principales metas. En este constante fluir de energ\u00eda vital, la presencia de una multiplicidad ling\u00fc\u00edstica y una diversidad cultural marcan la t\u00f3nica para implementar un sistema de ense\u00f1anza-aprendizaje flexible y adaptable al entorno socio-hist\u00f3rico propio de cada idioma.<\/p>\r\n<!-- \/wp:paragraph -->\r\n\r\n<!-- wp:paragraph -->\r\n<p>A pesar de que el ingl\u00e9s y el franc\u00e9s fueron los idiomas fundadores, el esp\u00edritu de apertura hacia nuevos horizontes ha reinado en el seno de esta unidad acad\u00e9mica, lo que se manifiesta por medio de la multiplicidad de idiomas, desde el rumano, hace unos veinte a\u00f1os, hasta el coreano m\u00e1s recientemente. Actualmente, la Escuela de Lenguas Modernas ofrece cursos en 11 idiomas a la comunidad universitaria y nacional: alem\u00e1n, \u00e1rabe, catal\u00e1n, coreano, franc\u00e9s, ingl\u00e9s, italiano, japon\u00e9s, mandar\u00edn, portugu\u00e9s y ruso.<\/p>\r\n<!-- \/wp:paragraph -->\r\n\r\n<!-- wp:paragraph -->\r\n<p>La Escuela de Lenguas Modernas tambi\u00e9n tiene varios programas especiales en donde se ofrecen: bachilleratos con modalidad bi-modal ( Programas de Ingl\u00e9s a Distancia y Franc\u00e9s a Distancia), programas para funcionarios y estudiantes universitarios de diversas carreras (Programa Ingl\u00e9s por \u00c1reas) y programas abiertos a la comunidad (Programa Cursos de Conversaci\u00f3n). Adem\u00e1s la Escuela de Lenguas Modernas colabora con instituciones nacionales como el MEP, CONARE y con diversas embajadas y centros de lenguas extranjeras al realizar actividades en conjunto.<\/p>\r\n<!-- \/wp:paragraph -->\r\n\r\n<!-- wp:paragraph -->\r\n<p>Es un deber de toda unidad acad\u00e9mica mantenerse actualizada y procurar actividades innovadoras. Un congreso internacional proporciona una de las mejores oportunidades para lograr ese prop\u00f3sito, especialmente con miras al futuro. As\u00ed, el \"VI Congreso de Lenguas Modernas:\u00a0 Encuentro de Lenguas, Literaturas y subjetividades diversas\" se presenta como una ventana tanto para las nuevas tendencias de la investigaci\u00f3n en cultura, literatura, ling\u00fc\u00edstica, did\u00e1ctica de lenguas, tecnolog\u00edas en la ense\u00f1anza de idiomas como para los\u00a0cambios socioculturales a los que la universidad, como un todo, deber\u00e1 adaptarse.<\/p>\r\n<!-- \/wp:paragraph -->\r\n\r\n<!-- wp:paragraph -->\r\n<p>MAPA UCR<\/p>\r\n<!-- \/wp:paragraph -->\r\n\r\n<!-- wp:list -->\r\n<ul><!-- wp:list-item -->\r\n<li>Hoteles (Posibles opciones):<\/li>\r\n<!-- \/wp:list-item --><\/ul>\r\n<!-- \/wp:list -->\r\n\r\n<!-- wp:list {\"ordered\":true,\"type\":\"1\",\"start\":1} -->\r\n<ol type=\"1\" start=\"1\"><!-- wp:list-item -->\r\n<li>Hotel Tairona:\u00a0<a href=\"http:\/\/www.taironainn.com\/\">www.taironainn.com<\/a><\/li>\r\n<!-- \/wp:list-item -->\r\n\r\n<!-- wp:list-item -->\r\n<li>Hotel Ave del Para\u00edso:\u00a0\u00a0<a href=\"http:\/\/www.hotelavedelparaiso.com\/\">www.hotelavedelparaiso.com<\/a><\/li>\r\n<!-- \/wp:list-item -->\r\n\r\n<!-- wp:list-item -->\r\n<li>Gran Casa Universitaria:\u00a0<a href=\"about:blank\">rvonbrey@racsa.co.cr<\/a><\/li>\r\n<!-- \/wp:list-item -->\r\n\r\n<!-- wp:list-item -->\r\n<li>Apartotel Los Yoses:\u00a0\u00a0<a href=\"http:\/\/www.apartotel.com\/\">www.apartotel.com<\/a><\/li>\r\n<!-- \/wp:list-item -->\r\n\r\n<!-- wp:list-item -->\r\n<li>Casa Conde:\u00a0\u00a0<a href=\"http:\/\/www.grupocasaconde.com\/\">www.grupocasaconde.com<\/a><\/li>\r\n<!-- \/wp:list-item -->\r\n\r\n<!-- wp:list-item -->\r\n<li>Hotel Boutique Jade:\u00a0<a href=\"http:\/\/www.hotelboutiquejade.com\/\">www.hotelboutiquejade.com<\/a><\/li>\r\n<!-- \/wp:list-item --><\/ol>\r\n<!-- \/wp:list -->","_et_gb_content_width":"","footnotes":""},"class_list":["post-97","page","type-page","status-publish","hentry"],"aioseo_notices":[],"_links":{"self":[{"href":"https:\/\/congresolenguas.ucr.ac.cr\/en\/wp-json\/wp\/v2\/pages\/97","targetHints":{"allow":["GET"]}}],"collection":[{"href":"https:\/\/congresolenguas.ucr.ac.cr\/en\/wp-json\/wp\/v2\/pages"}],"about":[{"href":"https:\/\/congresolenguas.ucr.ac.cr\/en\/wp-json\/wp\/v2\/types\/page"}],"author":[{"embeddable":true,"href":"https:\/\/congresolenguas.ucr.ac.cr\/en\/wp-json\/wp\/v2\/users\/1"}],"replies":[{"embeddable":true,"href":"https:\/\/congresolenguas.ucr.ac.cr\/en\/wp-json\/wp\/v2\/comments?post=97"}],"version-history":[{"count":17,"href":"https:\/\/congresolenguas.ucr.ac.cr\/en\/wp-json\/wp\/v2\/pages\/97\/revisions"}],"predecessor-version":[{"id":378,"href":"https:\/\/congresolenguas.ucr.ac.cr\/en\/wp-json\/wp\/v2\/pages\/97\/revisions\/378"}],"wp:attachment":[{"href":"https:\/\/congresolenguas.ucr.ac.cr\/en\/wp-json\/wp\/v2\/media?parent=97"}],"curies":[{"name":"wp","href":"https:\/\/api.w.org\/{rel}","templated":true}]}}