{"id":95,"date":"2023-02-03T01:16:13","date_gmt":"2023-02-03T07:16:13","guid":{"rendered":"http:\/\/congresolenguas.ucr.ac.cr\/?page_id=95"},"modified":"2023-07-12T08:15:12","modified_gmt":"2023-07-12T14:15:12","slug":"recepcion-de-trabajos","status":"publish","type":"page","link":"https:\/\/congresolenguas.ucr.ac.cr\/en\/recepcion-de-trabajos\/","title":{"rendered":"Call for Proposals"},"content":{"rendered":"[et_pb_section fb_built=\u00bb1&#8243; admin_label=\u00bbsection\u00bb _builder_version=\u00bb4.16&#8243; global_colors_info=\u00bb{}\u00bb][et_pb_row admin_label=\u00bbrow\u00bb _builder_version=\u00bb4.16&#8243; background_size=\u00bbinitial\u00bb background_position=\u00bbtop_left\u00bb background_repeat=\u00bbrepeat\u00bb global_colors_info=\u00bb{}\u00bb][et_pb_column type=\u00bb4_4&#8243; _builder_version=\u00bb4.16&#8243; custom_padding=\u00bb|||\u00bb global_colors_info=\u00bb{}\u00bb custom_padding__hover=\u00bb|||\u00bb][et_pb_post_title meta=\u00bboff\u00bb featured_image=\u00bboff\u00bb _builder_version=\u00bb4.19.5&#8243; _module_preset=\u00bbdefault\u00bb global_colors_info=\u00bb{}\u00bb][\/et_pb_post_title][et_pb_text admin_label=\u00bbText\u00bb _builder_version=\u00bb4.20.2&#8243; background_size=\u00bbinitial\u00bb background_position=\u00bbtop_left\u00bb background_repeat=\u00bbrepeat\u00bb hover_enabled=\u00bb0&#8243; global_colors_info=\u00bb{}\u00bb sticky_enabled=\u00bb0&#8243;]<p><img loading=\"lazy\" decoding=\"async\" class=\"wp-image-371 aligncenter\" src=\"http:\/\/congresolenguas.ucr.ac.cr\/wp-content\/uploads\/2023\/07\/oso_perezoso_pelex_2-224x300.png\" alt=\"\" width=\"94\" height=\"126\" \/><\/p>\n<p>&nbsp;<\/p>\n<p><strong style=\"font-size: 14px;\">Step 1 <\/strong><b>Call for Proposals <\/b><span style=\"font-size: 14px;\">\u00a0(Deadline:\u00a0\u00a0<\/span><strong style=\"font-size: 14px;\">Sunday, July 30th, 2023<\/strong><span style=\"font-size: 14px;\">)\u00a0<\/span><\/p>\n<p class=\" translation-block\">To submit a paper or a workshop proposal for the <strong> International\u00a0Conference of Assessment on Modern Languages<\/strong>, please keep in mind the following specifications:<\/p>\n<p>Specifications:<\/p>\n<p>1.\u00a0\u00a0\u00a0\u00a0\u00a0<b>Length: <\/b>300-500 words<br \/><b>\u00a0 \u00a0 \u00a0 \u00a0 Font: <\/b>Times New Roman, 12 point<br \/><b>\u00a0 \u00a0 \u00a0 \u00a0 Language:<\/b> English, French, Portuguese, Spanish. You should write the proposal in the language of the presentation.<img loading=\"lazy\" decoding=\"async\" class=\"wp-image-370 alignright size-medium\" src=\"http:\/\/congresolenguas.ucr.ac.cr\/wp-content\/uploads\/2023\/07\/6428197-300x200.jpg\" alt=\"\" width=\"300\" height=\"200\" \/><\/p>\n<p align=\"left\">2.\u00a0 \u00a0 \u00a0<strong>Title:<\/strong> (20 words maximum)<\/p>\n<p align=\"left\">3.\u00a0 \u00a0 \u00a0<strong>Presentation type<\/strong><\/p>\n<ul>\n<li>Paper (20 minutes)<\/li>\n<li>Workshop (90 minutes)<\/li>\n<li>Poster (90 minutes)<\/li>\n<\/ul>\n<p align=\"left\">4.\u00a0 \u00a0 \u00a0<strong>Please include:<\/strong><\/p>\n<ul>\n<li>your theoretical framework<\/li>\n<li>your research question(s)<\/li>\n<li>the methodology<\/li>\n<li>results or expected results<\/li>\n<li>a justification for the work<\/li>\n<li>references<\/li>\n<\/ul>\n<p align=\"left\">\u00a0 \u00a0 \u00a0 \u00a0Please note: All presentations should be unpublished.<\/p>\n<p align=\"left\">5.\u00a0 \u00a0 \u00a0<strong>75-word bio-statement:<\/strong> Please include this after the references.<\/p>\n<p align=\"left\">6.\u00a0 \u00a0 \u00a0<strong>File format:<\/strong>: .doc, .docx, .odt<\/p>\n<p align=\"left\">7.\u00a0 \u00a0 \u00a0<strong>File naming convention<\/strong>Language-firstsurname.docx<\/p>\n<p align=\"left\"><strong>\u00a0 \u00a0 \u00a0 \u00a0 \u00a0 \u00a0 \u00a0 \u00a0 EXAMPLES<\/strong><br \/><strong>\u00a0 \u00a0 \u00a0 \u00a0 \u00a0 \u00a0 \u00a0 \u00a0 <\/strong>English-Gutierrez.docx<br \/><strong>\u00a0 \u00a0 \u00a0 \u00a0 \u00a0 \u00a0 \u00a0 \u00a0 <\/strong>Espanol-Jones.odt<br \/><strong>\u00a0 \u00a0 \u00a0 \u00a0 \u00a0 \u00a0 \u00a0 \u00a0 <\/strong>Fran\u00e7ais-Gomez.doc<br \/><strong>\u00a0 \u00a0 \u00a0 \u00a0 \u00a0 \u00a0 \u00a0 \u00a0 <\/strong>Portugu\u00eas-Silverstein.docx<\/p>\n<p align=\"left\">8.\u00a0 \u00a0 \u00a0 <strong>Submission link:<\/strong>: <a href=\"https:\/\/congresolenguas.ucr.ac.cr\/en\/formulario-recepcion-de-documentos\/\">https:\/\/congresolenguas.ucr.ac.cr\/formulario-recepcion-de-documentos\/<\/a><\/p>\n<p><strong>Please note:<\/strong> Internet access, projector, computer, and speakers will be available in each room. All presentations should be unpublished.<\/p>\n<p class=\" translation-block\"><strong>Step 2. <\/strong><b>Conference Proceedings Proposal<\/b>( Deadline: <strong>February 2nd, 2024<\/strong>)<\/p>\n<p>Conference proceedings will be published after the conference event. Stay tuned for more information!<\/p>\n<p>&nbsp;<\/p>\n<p>&nbsp;<\/p>\n<p><\/p>[\/et_pb_text][\/et_pb_column][\/et_pb_row][\/et_pb_section]<!-- \/wp:post-content -->","protected":false},"excerpt":{"rendered":"<p>&nbsp; Paso 1. Recepci\u00f3n de trabajos (Fecha l\u00edmite de recepci\u00f3n:\u00a0Domingo 30 de julio del 2023)\u00a0 Para enviar una propuesta de ponencia o taller al Congreso Internacional de Evaluaci\u00f3n Lenguas Modernas, favor considere las siguientes especificaciones: Especificaciones 1.\u00a0\u00a0\u00a0\u00a0\u00a0Extensi\u00f3n: 300-500 palabras\u00a0 \u00a0 \u00a0 \u00a0 Fuente: Times New Roman, 12\u00a0 \u00a0 \u00a0 \u00a0 Idioma: Ingl\u00e9s, franc\u00e9s, portugu\u00e9s, espa\u00f1ol. [&hellip;]<\/p>","protected":false},"author":1,"featured_media":0,"parent":0,"menu_order":0,"comment_status":"closed","ping_status":"closed","template":"","meta":{"_et_pb_use_builder":"on","_et_pb_old_content":"<!-- wp:heading {\"level\":1} -->\r\n<h1>Recepci\u00f3n de Trabajos<\/h1>\r\n<!-- \/wp:heading -->\r\n\r\n<!-- wp:paragraph -->\r\n<p><strong>Recepci\u00f3n de Trabajos<\/strong><\/p>\r\n<!-- \/wp:paragraph -->\r\n\r\n<!-- wp:paragraph -->\r\n<p><strong>Paso 1. Env\u00edo de propuesta\u00a0<\/strong>(Fecha l\u00edmite de recepci\u00f3n:\u00a0<strong>Viernes 30 de junio del 2023<\/strong>)\u00a0<\/p>\r\n<!-- \/wp:paragraph -->\r\n\r\n<!-- wp:paragraph -->\r\n<p>Para inscribir una ponencia o taller en el\u00a0<strong>Congreso Internacional de Evaluaci\u00f3n\u00a0\u00a0Lenguas Modernas<\/strong>, se debe enviar un resumen siguiendo las especificaciones que se dan a continuaci\u00f3n.\u00a0<strong>Las propuestas que no se ajusten a estas directrices podr\u00e1n ser aceptadas, pero no se tomar\u00e1n en cuenta para la memoria del Congreso.<\/strong><\/p>\r\n<!-- \/wp:paragraph -->\r\n\r\n<!-- wp:paragraph -->\r\n<p><strong>Caracter\u00edsticas del resumen o abstract:<\/strong><\/p>\r\n<!-- \/wp:paragraph -->\r\n\r\n<!-- wp:list {\"ordered\":true,\"type\":\"1\",\"start\":1} -->\r\n<ol type=\"1\" start=\"1\"><!-- wp:list-item -->\r\n<li>El resumen debe ser conciso y debe expresar claramente el objetivo de la ponencia o taller. La extensi\u00f3n m\u00ednima ser\u00e1 300 palabras y la m\u00e1xima de 500. El tipo de letra debe ser Times New Roman, tama\u00f1o 12.<\/li>\r\n<!-- \/wp:list-item -->\r\n\r\n<!-- wp:list-item -->\r\n<li>El resumen debe ser escrito en la lengua en que se planea realizar la ponencia o taller y deber\u00e1 venir acompa\u00f1ado de referencias bibliogr\u00e1ficas o una bibliograf\u00eda preliminar.<\/li>\r\n<!-- \/wp:list-item -->\r\n\r\n<!-- wp:list-item -->\r\n<li>El t\u00edtulo debe indicar claramente el tema o el argumento principal de la ponencia o del taller y no debe extenderse m\u00e1s de dos l\u00edneas.<\/li>\r\n<!-- \/wp:list-item -->\r\n\r\n<!-- wp:list-item -->\r\n<li>Se debe recalcar la relevancia del aporte del trabajo con respecto a lo que ya se ha desarrollado en el campo de estudio del congreso. En el caso de las ponencias sobre estudios literarios, el enfoque te\u00f3rico debe ser claro. Para ponencias sobre ling\u00fc\u00edstica aplicada, el resumen deber\u00e1 contener las siguientes partes:<br>\u00a0\u00a0\u00a0\u00a0a) un breve p\u00e1rrafo que detalle el marco te\u00f3rico\u00a0<br>\u00a0\u00a0\u00a0\u00a0b) la justificaci\u00f3n del trabajo y la pregunta de investigaci\u00f3n que lo motiv\u00f3\u00a0<br>\u00a0\u00a0\u00a0\u00a0c) una descripci\u00f3n corta de la metodolog\u00eda empleada\u00a0<br>\u00a0\u00a0\u00a0\u00a0d) un peque\u00f1o resumen de los resultados\u00a0<\/li>\r\n<!-- \/wp:list-item -->\r\n\r\n<!-- wp:list-item -->\r\n<li>Todos los materiales deben ser in\u00e9ditos.<\/li>\r\n<!-- \/wp:list-item -->\r\n\r\n<!-- wp:list-item -->\r\n<li>Debe guardar la propuesta utilizando el formato de Word, poniendo la lengua primera, seguido por el apellido del primer autor.<\/li>\r\n<!-- \/wp:list-item --><\/ol>\r\n<!-- \/wp:list -->\r\n\r\n<!-- wp:paragraph -->\r\n<p>ejemplos:\u00a0\u00a0\u00a0\u00a0\u00a0\u00a0\u00a0espa\u00f1ol Gutierrez\u00a0<\/p>\r\n<!-- \/wp:paragraph -->\r\n\r\n<!-- wp:paragraph -->\r\n<p>\u00a0\u00a0\u00a0\u00a0\u00a0\u00a0\u00a0\u00a0\u00a0\u00a0\u00a0\u00a0\u00a0\u00a0\u00a0\u00a0\u00a0\u00a0\u00a0\u00a0\u00a0\u00a0\u00a0\u00a0English Gonzalez<\/p>\r\n<!-- \/wp:paragraph -->\r\n\r\n<!-- wp:list {\"ordered\":true,\"type\":\"1\",\"start\":7} -->\r\n<ol type=\"1\" start=\"7\"><!-- wp:list-item -->\r\n<li>El texto debe enviarse a la direcci\u00f3n electr\u00f3nica\u00a0<a href=\"mailto:congreso.elm@ucr.ac.cr\">congreso.elm@ucr.ac.cr<\/a>\u00a0en un archivo adjunto usando ya sea el formato .doc (Word de Microsoft Office) o el formato .odt (Write de OpenOffice\/LibreOffice).<\/li>\r\n<!-- \/wp:list-item -->\r\n\r\n<!-- wp:list-item -->\r\n<li>Al final de la bibliograf\u00eda preliminar, se debe adjuntar una breve biograf\u00eda del ponente (el nombre completo y t\u00edtulo, instituci\u00f3n de afiliaci\u00f3n acad\u00e9mica y una lista de logros y publicaciones. No debe sobrepasar seis l\u00edneas).\u00a0<strong>NOTA: Los res\u00famenes de ponencias o talleres que no vengan acompa\u00f1ados de la biograf\u00eda del autor ser\u00e1n desestimados.<\/strong><\/li>\r\n<!-- \/wp:list-item --><\/ol>\r\n<!-- \/wp:list -->\r\n\r\n<!-- wp:paragraph -->\r\n<p>La Comisi\u00f3n Acad\u00e9mica comunicar\u00e1 por correo electr\u00f3nico la aceptaci\u00f3n o el rechazo de la ponencia o taller a m\u00e1s tardar 15 d\u00edas h\u00e1biles despu\u00e9s de la recepci\u00f3n del resumen, siempre y cuando \u00e9ste cumpla con todos los requisitos. Sin embargo, debido al volumen de trabajo, la Comisi\u00f3n Acad\u00e9mica se reserva el derecho de detallar las razones para el rechazo.<\/p>\r\n<!-- \/wp:paragraph -->\r\n\r\n<!-- wp:paragraph -->\r\n<p><strong>Paso 2.\u00a0 Env\u00edo de documento final\u00a0<\/strong>(Fecha l\u00edmite de recepci\u00f3n:\u00a0<strong>31 de octubre de 2023<\/strong>)<br>En el correo electr\u00f3nico donde se env\u00eda el documento final se debe incluir la siguiente informaci\u00f3n:<\/p>\r\n<!-- \/wp:paragraph -->\r\n\r\n<!-- wp:list {\"ordered\":true,\"type\":\"1\",\"start\":1} -->\r\n<ol type=\"1\" start=\"1\"><!-- wp:list-item -->\r\n<li>Solicitud de equipo especial o adicional que requiera el conferencista<\/li>\r\n<!-- \/wp:list-item -->\r\n\r\n<!-- wp:list-item -->\r\n<li>El documento final para publicar en la memoria del Congreso que siga las especificaciones detalladas a continuaci\u00f3n:\u00a0<\/li>\r\n<!-- \/wp:list-item --><\/ol>\r\n<!-- \/wp:list -->\r\n\r\n<!-- wp:paragraph -->\r\n<p><strong>Especificaciones del documento final<\/strong><\/p>\r\n<!-- \/wp:paragraph -->\r\n\r\n<!-- wp:list {\"ordered\":true,\"type\":\"1\",\"start\":2} -->\r\n<ol type=\"1\" start=\"2\"><!-- wp:list-item -->\r\n<li>El texto debe tener una extensi\u00f3n de 8 a 12 p\u00e1ginas.<\/li>\r\n<!-- \/wp:list-item -->\r\n\r\n<!-- wp:list-item -->\r\n<li>Debe enviarse a la direcci\u00f3n electr\u00f3nica\u00a0<a href=\"mailto:congreso.elm@ucr.ac.cr\">congreso.elm@ucr.ac.cr<\/a>\u00a0en un archivo adjunto usando ya sea el formato .doc (Word de Microsoft Office) o el formato .odt (Write de OpenOffice\/LibreOffice). El documento debe incluir las siguientes caracter\u00edsticas:\u00a0<\/li>\r\n<!-- \/wp:list-item --><\/ol>\r\n<!-- \/wp:list -->\r\n\r\n<!-- wp:paragraph -->\r\n<p>a.\u00a0 tipograf\u00eda Times New Roman, tama\u00f1o 12, color negro.\u00a0\u00a0<br>b.\u00a0 espaciado doble, sin sangr\u00edas y con m\u00e1rgenes de una pulgada, excepto a la izquierda, que<br>ser\u00e1 de pulgada y media.<br>c.\u00a0 el t\u00edtulo en negrita y centrado. El nombre del autor en el mismo tipo de letra, a la derecha.\u00a0\u00a0<br>d.\u00a0 los subt\u00edtulos en negrita y sin numeraci\u00f3n ni letras.<\/p>\r\n<!-- \/wp:paragraph -->\r\n\r\n<!-- wp:list {\"ordered\":true,\"type\":\"1\",\"start\":2} -->\r\n<ol type=\"1\" start=\"2\"><!-- wp:list-item -->\r\n<li>La primera p\u00e1gina debe incluir un resumen en espa\u00f1ol y en el idioma del texto que oscile entre 50 y 100 palabras, escrito en letra Times New Roman 11. El resumen debe ir seguido por los descriptores o palabras claves en los dos idiomas. De cinco a diez palabras.<\/li>\r\n<!-- \/wp:list-item -->\r\n\r\n<!-- wp:list-item -->\r\n<li>Todo art\u00edculo debe emplear un solo formato (APA para art\u00edculos sobre lengua y MLA para art\u00edculos de literatura), tanto en su estructura interna como en su bibliograf\u00eda.<\/li>\r\n<!-- \/wp:list-item -->\r\n\r\n<!-- wp:list-item -->\r\n<li>Las citas textuales inferiores a tres reglones deben ir dentro del texto. Las citas m\u00e1s extensas deben ir separadas en bloque, tama\u00f1o 11 y sin comillas<\/li>\r\n<!-- \/wp:list-item -->\r\n\r\n<!-- wp:list-item -->\r\n<li>Las referencias bibliogr\u00e1ficas y las notas de car\u00e1cter explicativo o aclaratorio se regir\u00e1n por los siguientes criterios: formato MLA\u00a0<strong>(8va. edici\u00f3n)<\/strong>\u00a0para los art\u00edculos sobre literatura, formato APA para los art\u00edculos sobre lengua. Ejemplos de referencias bibliogr\u00e1ficas seg\u00fan el formato.<br>(MLA): Budden, Julian.\u00a0<em>The operas of Verdi<\/em>. Clarendon, 1992.<br>(APA): Budden, J. (1992).\u00a0<em>The operas of Verdi<\/em>.\u00a0Oxford: Clarendon.<\/li>\r\n<!-- \/wp:list-item --><\/ol>\r\n<!-- \/wp:list -->\r\n\r\n<!-- wp:paragraph -->\r\n<p><br><strong>NOTA: La persona que presente una ponencia contar\u00e1 con 20 minutos. La persona que presente un taller contar\u00e1 con hora y media para realizarlo. De igual forma, las mesas redondas contar\u00e1n con hora y media para su realizaci\u00f3n.<\/strong><\/p>\r\n<!-- \/wp:paragraph -->","_et_gb_content_width":"","footnotes":""},"class_list":["post-95","page","type-page","status-publish","hentry"],"aioseo_notices":[],"_links":{"self":[{"href":"https:\/\/congresolenguas.ucr.ac.cr\/en\/wp-json\/wp\/v2\/pages\/95","targetHints":{"allow":["GET"]}}],"collection":[{"href":"https:\/\/congresolenguas.ucr.ac.cr\/en\/wp-json\/wp\/v2\/pages"}],"about":[{"href":"https:\/\/congresolenguas.ucr.ac.cr\/en\/wp-json\/wp\/v2\/types\/page"}],"author":[{"embeddable":true,"href":"https:\/\/congresolenguas.ucr.ac.cr\/en\/wp-json\/wp\/v2\/users\/1"}],"replies":[{"embeddable":true,"href":"https:\/\/congresolenguas.ucr.ac.cr\/en\/wp-json\/wp\/v2\/comments?post=95"}],"version-history":[{"count":14,"href":"https:\/\/congresolenguas.ucr.ac.cr\/en\/wp-json\/wp\/v2\/pages\/95\/revisions"}],"predecessor-version":[{"id":373,"href":"https:\/\/congresolenguas.ucr.ac.cr\/en\/wp-json\/wp\/v2\/pages\/95\/revisions\/373"}],"wp:attachment":[{"href":"https:\/\/congresolenguas.ucr.ac.cr\/en\/wp-json\/wp\/v2\/media?parent=95"}],"curies":[{"name":"wp","href":"https:\/\/api.w.org\/{rel}","templated":true}]}}