{"id":91,"date":"2023-02-03T01:13:19","date_gmt":"2023-02-03T07:13:19","guid":{"rendered":"http:\/\/congresolenguas.ucr.ac.cr\/?page_id=91"},"modified":"2023-07-12T08:13:05","modified_gmt":"2023-07-12T14:13:05","slug":"objetivos","status":"publish","type":"page","link":"https:\/\/congresolenguas.ucr.ac.cr\/en\/objetivos\/","title":{"rendered":"Objectives"},"content":{"rendered":"[et_pb_section fb_built=\u00bb1&#8243; admin_label=\u00bbsection\u00bb _builder_version=\u00bb4.16&#8243; global_colors_info=\u00bb{}\u00bb][et_pb_row admin_label=\u00bbrow\u00bb _builder_version=\u00bb4.16&#8243; background_size=\u00bbinitial\u00bb background_position=\u00bbtop_left\u00bb background_repeat=\u00bbrepeat\u00bb global_colors_info=\u00bb{}\u00bb][et_pb_column type=\u00bb4_4&#8243; _builder_version=\u00bb4.16&#8243; custom_padding=\u00bb|||\u00bb global_colors_info=\u00bb{}\u00bb custom_padding__hover=\u00bb|||\u00bb][et_pb_text admin_label=\u00bbText\u00bb _builder_version=\u00bb4.20.2&#8243; background_size=\u00bbinitial\u00bb background_position=\u00bbtop_left\u00bb background_repeat=\u00bbrepeat\u00bb hover_enabled=\u00bb0&#8243; global_colors_info=\u00bb{}\u00bb sticky_enabled=\u00bb0&#8243;]<p><\/p>\n<h1 class=\"wp-block-heading\">Objectives<\/h1>\n<p style=\"text-align: center;\"><img loading=\"lazy\" decoding=\"async\" class=\"wp-image-368 aligncenter\" src=\"http:\/\/congresolenguas.ucr.ac.cr\/wp-content\/uploads\/2023\/07\/oso4-230x300.png\" alt=\"\" width=\"97\" height=\"127\" \/><\/p>\n<div>\u00a0<\/div>\n<div class=\"\"><strong class=\"\">General Objective<\/strong><\/div>\n<div>\u00a0<\/div>\n<div class=\"\">To provide high-quality global academic spaces for national and international practitioners and researchers in the field of foreign language teaching and assessment.<br><br><strong class=\"\"><img loading=\"lazy\" decoding=\"async\" class=\"wp-image-367 size-medium alignright\" src=\"http:\/\/congresolenguas.ucr.ac.cr\/wp-content\/uploads\/2023\/07\/6101073-300x200.jpg\" alt=\"\" width=\"300\" height=\"200\" \/><\/strong><\/div>\n<div>\u00a0<\/div>\n<div class=\"\"><strong class=\"\">Specific Objectives<\/strong><\/div>\n<ul class=\"\">\n<li class=\"\">To analyze the fundamental elements of the processes of teaching, learning, and assessing foreign languages.<\/li>\n<li class=\"\">To facilitate dialogue, between scholars and researchers from the language teaching and assessment field, that favors and consolidates intercultural communication.<\/li>\n<li class=\"\">To enrich knowledge about foreign languages and literature.<\/li>\n<li class=\"\">To consolidate the relationship between languages, literature, and cultures by exploring and analyzing their dynamics, complexity, and diversity.<\/li>\n<\/ul>\n<p><\/p>\n<p><!-- \/wp:post-content --><\/p>[\/et_pb_text][\/et_pb_column][\/et_pb_row][\/et_pb_section]","protected":false},"excerpt":{"rendered":"<p>Objetivos \u00a0 Objetivo general: \u00a0 Crear espacios globales acad\u00e9micos s\u00f3lidos para profesionales e investigadores, nacionales e internacionales, en el campo de la ense\u00f1anza y evaluaci\u00f3n de idiomas. \u00a0 Objetivos espec\u00edficos: Analizar los aspectos fundamentales en los procesos de ense\u00f1anza,\u00a0\u00a0aprendizaje y evaluaci\u00f3n de lenguas maternas y extranjeras. Facilitar el di\u00e1logo entre acad\u00e9micos e investigadores en el [&hellip;]<\/p>","protected":false},"author":1,"featured_media":0,"parent":0,"menu_order":0,"comment_status":"closed","ping_status":"closed","template":"","meta":{"_et_pb_use_builder":"on","_et_pb_old_content":"<!-- wp:heading {\"level\":1} -->\r\n<h1>Objetivos<\/h1>\r\n<!-- \/wp:heading -->\r\n\r\n<!-- wp:paragraph -->\r\n<p><strong>Objetivo general:<\/strong><\/p>\r\n<!-- \/wp:paragraph -->\r\n\r\n<!-- wp:paragraph -->\r\n<p>Crear espacios globales acad\u00e9micos s\u00f3lidos para profesionales e investigadores, nacionales e internacionales, en el campo de la ense\u00f1anza y evaluaci\u00f3n de lenguas extranjeras.\u00a0<\/p>\r\n<!-- \/wp:paragraph -->\r\n\r\n<!-- wp:paragraph -->\r\n<p><strong>Objetivos espec\u00edficos:<\/strong><\/p>\r\n<!-- \/wp:paragraph -->\r\n\r\n<!-- wp:list -->\r\n<ul><!-- wp:list-item -->\r\n<li>Analizar los aspectos fundamentales en los procesos de ense\u00f1anza,\u00a0\u00a0aprendizaje y evaluaci\u00f3n de las lenguas extranjeras.<\/li>\r\n<!-- \/wp:list-item -->\r\n\r\n<!-- wp:list-item -->\r\n<li>Facilitar el di\u00e1logo entre acad\u00e9micos e investigadores en el campo de la ense\u00f1anza y evaluaci\u00f3n en idiomas que favorezca y consolide la comunicaci\u00f3n intercultural<\/li>\r\n<!-- \/wp:list-item -->\r\n\r\n<!-- wp:list-item -->\r\n<li>Enriquecer el conocimiento sobre lenguas y literaturas extranjeras.<\/li>\r\n<!-- \/wp:list-item -->\r\n\r\n<!-- wp:list-item -->\r\n<li>Consolidar la relaci\u00f3n entre lenguas, literaturas y culturas, explorando y analizando su din\u00e1mica, complejidad y diversidad.<\/li>\r\n<!-- \/wp:list-item --><\/ul>\r\n<!-- \/wp:list -->","_et_gb_content_width":"","footnotes":""},"class_list":["post-91","page","type-page","status-publish","hentry"],"aioseo_notices":[],"_links":{"self":[{"href":"https:\/\/congresolenguas.ucr.ac.cr\/en\/wp-json\/wp\/v2\/pages\/91","targetHints":{"allow":["GET"]}}],"collection":[{"href":"https:\/\/congresolenguas.ucr.ac.cr\/en\/wp-json\/wp\/v2\/pages"}],"about":[{"href":"https:\/\/congresolenguas.ucr.ac.cr\/en\/wp-json\/wp\/v2\/types\/page"}],"author":[{"embeddable":true,"href":"https:\/\/congresolenguas.ucr.ac.cr\/en\/wp-json\/wp\/v2\/users\/1"}],"replies":[{"embeddable":true,"href":"https:\/\/congresolenguas.ucr.ac.cr\/en\/wp-json\/wp\/v2\/comments?post=91"}],"version-history":[{"count":6,"href":"https:\/\/congresolenguas.ucr.ac.cr\/en\/wp-json\/wp\/v2\/pages\/91\/revisions"}],"predecessor-version":[{"id":369,"href":"https:\/\/congresolenguas.ucr.ac.cr\/en\/wp-json\/wp\/v2\/pages\/91\/revisions\/369"}],"wp:attachment":[{"href":"https:\/\/congresolenguas.ucr.ac.cr\/en\/wp-json\/wp\/v2\/media?parent=91"}],"curies":[{"name":"wp","href":"https:\/\/api.w.org\/{rel}","templated":true}]}}