{"id":87,"date":"2023-02-03T01:11:57","date_gmt":"2023-02-03T07:11:57","guid":{"rendered":"http:\/\/congresolenguas.ucr.ac.cr\/?page_id=87"},"modified":"2023-11-07T13:30:04","modified_gmt":"2023-11-07T19:30:04","slug":"convocatoria","status":"publish","type":"page","link":"https:\/\/congresolenguas.ucr.ac.cr\/en\/convocatoria\/","title":{"rendered":"Registration"},"content":{"rendered":"<p>[et_pb_section fb_built=\u00bb1&#8243; admin_label=\u00bbsection\u00bb _builder_version=\u00bb4.16&#8243; global_colors_info=\u00bb{}\u00bb][et_pb_row admin_label=\u00bbrow\u00bb _builder_version=\u00bb4.16&#8243; background_size=\u00bbinitial\u00bb background_position=\u00bbtop_left\u00bb background_repeat=\u00bbrepeat\u00bb global_colors_info=\u00bb{}\u00bb][et_pb_column type=\u00bb4_4&#8243; _builder_version=\u00bb4.16&#8243; custom_padding=\u00bb|||\u00bb global_colors_info=\u00bb{}\u00bb custom_padding__hover=\u00bb|||\u00bb][et_pb_post_title meta=\u00bboff\u00bb featured_image=\u00bboff\u00bb _builder_version=\u00bb4.19.5&#8243; _module_preset=\u00bbdefault\u00bb global_colors_info=\u00bb{}\u00bb][\/et_pb_post_title][et_pb_text admin_label=\u00bbText\u00bb _builder_version=\u00bb4.20.2&#8243; background_size=\u00bbinitial\u00bb background_position=\u00bbtop_left\u00bb background_repeat=\u00bbrepeat\u00bb hover_enabled=\u00bb0&#8243; global_colors_info=\u00bb{}\u00bb sticky_enabled=\u00bb0&#8243;]<\/p>\n<div style=\"text-align: center;\"><img loading=\"lazy\" decoding=\"async\" class=\"wp-image-356 aligncenter\" src=\"http:\/\/congresolenguas.ucr.ac.cr\/wp-content\/uploads\/2023\/07\/convocatoria-215x300.png\" alt=\"\" width=\"88\" height=\"123\" \/><\/div>\n<div>\u00a0<\/div>\n<div>\u00a0<\/div>\n<div class=\" translation-block\">The <strong>School of Modern Languages<\/strong>, Faculty of Letters, University of Costa Rica, and the <strong>Latin American Association for Language Testing and Assessment<\/strong> welcome you at their conference<strong>\"Integrating the global and the local: Current language teaching and language assessment practices in Latin America\"<\/strong>.<br><br>\n<strong>Conference venue:<\/strong> Faculty of Letters building, University of Costa Rica.<br><br>\n<strong>Conference dates: November 22nd-25th, 2023.<\/strong><\/div>\n<div>\u00a0<\/div>\n<div class=\"\">We kindly invite national and international scholars, researchers, teachers, professors, and graduate students to present their contributions.<\/div>\n<div>\u00a0<\/div>\n<div class=\" translation-block\">Registration deadline: October 31st , 2023.<\/div>\n<div class=\" translation-block\">The <b>deadline for abstract submission for presentations<\/b> will be on <b>July 30th, 2023<\/b> ( See details in the  <a class=\"\" title=\"http:\/\/localhost\/congresolenguas\/index.php?p=14\" href=\"https:\/\/congresolenguas.ucr.ac.cr\/recepcion-de-trabajos\/\" target=\"_self\">Call for Proposals<\/a>).<\/div>\n<p>[\/et_pb_text][\/et_pb_column][\/et_pb_row][\/et_pb_section]<\/p>","protected":false},"excerpt":{"rendered":"<p>\u00a0 \u00a0 La Escuela de Lenguas Modernas de la Facultad de Letras de la Universidad de Costa Rica\u00a0en colaboraci\u00f3n con\u00a0la Latin American Association for Language Testing and Assesssment anuncian su congreso llamado\u00a0\u201cIntegrating the global and the local: Current language teaching and language assessment practices in Latin America\u00bb que se realizar\u00e1 en dicha facultad del\u00a022 al [&hellip;]<\/p>","protected":false},"author":1,"featured_media":0,"parent":0,"menu_order":0,"comment_status":"closed","ping_status":"closed","template":"","meta":{"_et_pb_use_builder":"on","_et_pb_old_content":"<!-- wp:paragraph -->\r\n<p>La Escuela de Lenguas Modernas de la Facultad de Letras de la Universidad de Costa Rica\u00a0en colaboraci\u00f3n con\u00a0la Latin American Association for Language Testing and Assesssment anuncian su congreso llamado\u00a0<strong>\u201c<\/strong>Integrating the global and the local: Current language teaching and language assessment practices in Latin America\u00a0que se realizar\u00e1 en dicha facultad del\u00a0<strong>22 al 25 de noviembre de 2023<\/strong>.\u00a0<\/p>\r\n<!-- \/wp:paragraph -->\r\n\r\n<!-- wp:paragraph -->\r\n<p>Dicho evento explorar\u00e1 temas de:\u00a0\u00a0<\/p>\r\n<!-- \/wp:paragraph -->\r\n\r\n<!-- wp:list -->\r\n<ul><!-- wp:list-item -->\r\n<li>ling\u00fc\u00edstica<\/li>\r\n<!-- \/wp:list-item -->\r\n\r\n<!-- wp:list-item -->\r\n<li>did\u00e1ctica de lenguas extranjeras,<\/li>\r\n<!-- \/wp:list-item -->\r\n\r\n<!-- wp:list-item -->\r\n<li>evaluaci\u00f3n de un segundo idioma en el aula<\/li>\r\n<!-- \/wp:list-item -->\r\n\r\n<!-- wp:list-item -->\r\n<li>uso de la tecnolog\u00eda en la evaluaci\u00f3n<\/li>\r\n<!-- \/wp:list-item -->\r\n\r\n<!-- wp:list-item -->\r\n<li>principios de evaluaci\u00f3n<\/li>\r\n<!-- \/wp:list-item -->\r\n\r\n<!-- wp:list-item -->\r\n<li>evaluaci\u00f3n de las 4 destrezas ling\u00fc\u00edsticas<\/li>\r\n<!-- \/wp:list-item -->\r\n\r\n<!-- wp:list-item -->\r\n<li>desarrollo profesional en evaluaci\u00f3n<\/li>\r\n<!-- \/wp:list-item -->\r\n\r\n<!-- wp:list-item -->\r\n<li>desarrollo de la evaluaci\u00f3n en un segundo idioma en Latinoam\u00e9rica<\/li>\r\n<!-- \/wp:list-item -->\r\n\r\n<!-- wp:list-item -->\r\n<li>evaluaci\u00f3n de un segundo idioma en programas curriculares<\/li>\r\n<!-- \/wp:list-item -->\r\n\r\n<!-- wp:list-item -->\r\n<li>implementaci\u00f3n pr\u00e1ctica de la evaluaci\u00f3n en programas de idioma<\/li>\r\n<!-- \/wp:list-item --><\/ul>\r\n<!-- \/wp:list -->\r\n\r\n<!-- wp:paragraph -->\r\n<p>Se insta a participar a los\/las acad\u00e9micos(as), investigadores(as), docentes, estudiantes de posgrado, nacionales e internacionales, interesados(as) en dichas tem\u00e1ticas.<\/p>\r\n<!-- \/wp:paragraph -->\r\n\r\n<!-- wp:paragraph -->\r\n<p>La fecha de inscripci\u00f3n en l\u00ednea\u00a0estar\u00e1 vigente hasta el d\u00eda\u00a0<strong>31 de octubre de 2023.<\/strong><\/p>\r\n<!-- \/wp:paragraph -->\r\n\r\n<!-- wp:paragraph -->\r\n<p>La fecha l\u00edmite de env\u00edo de abstracts para ponencias ser\u00e1 el d\u00eda\u00a0<strong>30 de junio de 2023.<\/strong>\u00a0(Ver detalles en\u00a0<a href=\"http:\/\/localhost\/congresolenguas\/index.php?p=14\">Recepci\u00f3n de trabajos<\/a>).<\/p>\r\n<!-- \/wp:paragraph -->","_et_gb_content_width":"","footnotes":""},"class_list":["post-87","page","type-page","status-publish","hentry"],"aioseo_notices":[],"_links":{"self":[{"href":"https:\/\/congresolenguas.ucr.ac.cr\/en\/wp-json\/wp\/v2\/pages\/87","targetHints":{"allow":["GET"]}}],"collection":[{"href":"https:\/\/congresolenguas.ucr.ac.cr\/en\/wp-json\/wp\/v2\/pages"}],"about":[{"href":"https:\/\/congresolenguas.ucr.ac.cr\/en\/wp-json\/wp\/v2\/types\/page"}],"author":[{"embeddable":true,"href":"https:\/\/congresolenguas.ucr.ac.cr\/en\/wp-json\/wp\/v2\/users\/1"}],"replies":[{"embeddable":true,"href":"https:\/\/congresolenguas.ucr.ac.cr\/en\/wp-json\/wp\/v2\/comments?post=87"}],"version-history":[{"count":13,"href":"https:\/\/congresolenguas.ucr.ac.cr\/en\/wp-json\/wp\/v2\/pages\/87\/revisions"}],"predecessor-version":[{"id":621,"href":"https:\/\/congresolenguas.ucr.ac.cr\/en\/wp-json\/wp\/v2\/pages\/87\/revisions\/621"}],"wp:attachment":[{"href":"https:\/\/congresolenguas.ucr.ac.cr\/en\/wp-json\/wp\/v2\/media?parent=87"}],"curies":[{"name":"wp","href":"https:\/\/api.w.org\/{rel}","templated":true}]}}