{"id":530,"date":"2023-10-27T15:41:19","date_gmt":"2023-10-27T21:41:19","guid":{"rendered":"https:\/\/congresolenguas.ucr.ac.cr\/?page_id=530"},"modified":"2023-11-17T15:42:04","modified_gmt":"2023-11-17T21:42:04","slug":"programa","status":"publish","type":"page","link":"https:\/\/congresolenguas.ucr.ac.cr\/en\/programa\/","title":{"rendered":"Program"},"content":{"rendered":"<p>[et_pb_section fb_built=\u00bb1&#8243; _builder_version=\u00bb4.16&#8243; global_colors_info=\u00bb{}\u00bb][et_pb_row _builder_version=\u00bb4.16&#8243; background_size=\u00bbinitial\u00bb background_position=\u00bbtop_left\u00bb background_repeat=\u00bbrepeat\u00bb global_colors_info=\u00bb{}\u00bb][et_pb_column type=\u00bb4_4&#8243; _builder_version=\u00bb4.16&#8243; global_colors_info=\u00bb{}\u00bb custom_padding__hover=\u00bb|||\u00bb][et_pb_text _builder_version=\u00bb4.23.1&#8243; background_size=\u00bbinitial\u00bb background_position=\u00bbtop_left\u00bb background_repeat=\u00bbrepeat\u00bb hover_enabled=\u00bb0&#8243; global_colors_info=\u00bb{}\u00bb sticky_enabled=\u00bb0&#8243;]\u00a1Bienvenido al Congreso <strong>\u00abIntegrating the Global and the Local: Current Language Teaching and Language Assessment Practices in Latin America\u00bb<\/strong>Congress! We are delighted that you are here. This section provides you with the opportunity to download the complete congress program, which will help you explore and plan your participation in our exciting event. Please note that this version of the program is not final, as some changes may be made in the coming weeks.<\/p>\n<p>The program contains detailed information about the sessions, speakers, schedules, and activities that we will have during the congress. Downloading it is simple, just click on the link below, and you'll be ready to start your congress experience with all the information you need.<\/p>\n<p><a href=\"http:\/\/congresolenguas.ucr.ac.cr\/wp-content\/uploads\/2023\/11\/Programa-Congreso-2023.pdf\" target=\"_blank\" rel=\"noopener\">Download Program<\/a><br \/>\n<a href=\"http:\/\/congresolenguas.ucr.ac.cr\/wp-content\/uploads\/2023\/11\/Programa-Congreso-2023-Version-con-Abstracts-CON-FORMATO.pdf\" target=\"_blank\" rel=\"noopener\">Download Program with Abstracts<\/a><\/p>\n<p>Esperamos que este programa sea una herramienta \u00fatil para aprovechar al m\u00e1ximo su tiempo en el congreso y que disfrute de las oportunidades de aprendizaje y conexi\u00f3n que ofrece. \u00a1Gracias por unirse a nosotros en este evento \u00fanico![\/et_pb_text][\/et_pb_column][\/et_pb_row][\/et_pb_section]<\/p>","protected":false},"excerpt":{"rendered":"<p>\u00a1Bienvenido al Congreso \u00abIntegrating the Global and the Local: Current Language Teaching and Language Assessment Practices in Latin America\u00bb! Estamos encantados de que est\u00e9 aqu\u00ed. Esta secci\u00f3n le ofrece la posibilidad de descargar el programa completo del congreso, que le ayudar\u00e1 a explorar y planificar su participaci\u00f3n en nuestro emocionante evento. Esta versi\u00f3n del programa [&hellip;]<\/p>","protected":false},"author":3,"featured_media":0,"parent":0,"menu_order":0,"comment_status":"closed","ping_status":"closed","template":"","meta":{"_et_pb_use_builder":"on","_et_pb_old_content":"<p>\u00a1Bienvenido al Congreso <strong>\"Integrating the Global and the Local: Current Language Teaching and Language Assessment Practices in Latin America\"<\/strong>! Estamos encantados de que est\u00e9 aqu\u00ed. Esta secci\u00f3n le ofrece la posibilidad de descargar el programa completo del congreso, que le ayudar\u00e1 a explorar y planificar su participaci\u00f3n en nuestro emocionante evento. Esta versi\u00f3n del programa no es la definitiva, pues algunos cambios podr\u00edan ejecutarse en las pr\u00f3ximas semanas.<\/p><p>El programa\u00a0 contiene informaci\u00f3n detallada sobre las sesiones, los ponentes, los horarios y las actividades que tendremos durante el congreso. Descargarlo es sencillo, solo haga clic en el enlace a continuaci\u00f3n y estar\u00e1 listo para comenzar su experiencia en el congreso con toda la informaci\u00f3n que necesita.<\/p><p><a href=\"http:\/\/congresolenguas.ucr.ac.cr\/wp-content\/uploads\/2023\/10\/Programa-Congreso-2023.pdf\" target=\"_blank\" rel=\"noopener\">Descargar Programa<\/a><\/p><p>Esperamos que este programa sea una herramienta \u00fatil para aprovechar al m\u00e1ximo su tiempo en el congreso y que disfrute de las oportunidades de aprendizaje y conexi\u00f3n que ofrece. \u00a1Gracias por unirse a nosotros en este evento \u00fanico!<\/p>","_et_gb_content_width":"","footnotes":""},"class_list":["post-530","page","type-page","status-publish","hentry"],"aioseo_notices":[],"_links":{"self":[{"href":"https:\/\/congresolenguas.ucr.ac.cr\/en\/wp-json\/wp\/v2\/pages\/530","targetHints":{"allow":["GET"]}}],"collection":[{"href":"https:\/\/congresolenguas.ucr.ac.cr\/en\/wp-json\/wp\/v2\/pages"}],"about":[{"href":"https:\/\/congresolenguas.ucr.ac.cr\/en\/wp-json\/wp\/v2\/types\/page"}],"author":[{"embeddable":true,"href":"https:\/\/congresolenguas.ucr.ac.cr\/en\/wp-json\/wp\/v2\/users\/3"}],"replies":[{"embeddable":true,"href":"https:\/\/congresolenguas.ucr.ac.cr\/en\/wp-json\/wp\/v2\/comments?post=530"}],"version-history":[{"count":6,"href":"https:\/\/congresolenguas.ucr.ac.cr\/en\/wp-json\/wp\/v2\/pages\/530\/revisions"}],"predecessor-version":[{"id":635,"href":"https:\/\/congresolenguas.ucr.ac.cr\/en\/wp-json\/wp\/v2\/pages\/530\/revisions\/635"}],"wp:attachment":[{"href":"https:\/\/congresolenguas.ucr.ac.cr\/en\/wp-json\/wp\/v2\/media?parent=530"}],"curies":[{"name":"wp","href":"https:\/\/api.w.org\/{rel}","templated":true}]}}