{"id":488,"date":"2023-10-06T08:09:10","date_gmt":"2023-10-06T14:09:10","guid":{"rendered":"https:\/\/congresolenguas.ucr.ac.cr\/?page_id=488"},"modified":"2023-10-06T08:11:22","modified_gmt":"2023-10-06T14:11:22","slug":"informacion-de-pago","status":"publish","type":"page","link":"https:\/\/congresolenguas.ucr.ac.cr\/en\/informacion-de-pago\/","title":{"rendered":"Payment Information"},"content":{"rendered":"<p>[et_pb_section fb_built=\u00bb1&#8243; _builder_version=\u00bb4.16&#8243; global_colors_info=\u00bb{}\u00bb][et_pb_row _builder_version=\u00bb4.16&#8243; background_size=\u00bbinitial\u00bb background_position=\u00bbtop_left\u00bb background_repeat=\u00bbrepeat\u00bb global_colors_info=\u00bb{}\u00bb][et_pb_column type=\u00bb4_4&#8243; _builder_version=\u00bb4.16&#8243; custom_padding=\u00bb|||\u00bb global_colors_info=\u00bb{}\u00bb custom_padding__hover=\u00bb|||\u00bb][et_pb_text _builder_version=\u00bb4.20.2&#8243; background_size=\u00bbinitial\u00bb background_position=\u00bbtop_left\u00bb background_repeat=\u00bbrepeat\u00bb hover_enabled=\u00bb0&#8243; global_colors_info=\u00bb{}\u00bb sticky_enabled=\u00bb0&#8243;]<\/p>\n<p><img loading=\"lazy\" decoding=\"async\" class=\"wp-image-489 aligncenter\" src=\"http:\/\/congresolenguas.ucr.ac.cr\/wp-content\/uploads\/2023\/10\/oso_perezoso_pelex_6-171x300.png\" alt=\"\" width=\"81\" height=\"142\" \/><\/p>\n<p class=\" translation-block\">Welcome to the payment process for the \"Integrating the Global and the Local: Current Language Teaching and Language Assessment Practices in Latin America\" congress! We are excited about your participation in this educational event focused on current language teaching and language assessment practices in Latin America.<\/p>\n<p>To secure your spot at this enriching congress, please follow the steps below:<\/p>\n<p>1. Click on the payment button.<\/p>\n<p>2. Complete the required billing information.<\/p>\n<p>3. Proceed with secure payment through our platform.<\/p>\n<p>Once you have completed the payment process, you will receive a confirmation email with the details of your registration. Your participation in the congress will be guaranteed.<\/p>\n<p>Thank you for being a part of \"Integrating the Global and the Local\"! We look forward to sharing knowledge and experiences in the exciting world of language teaching and assessment in Latin America.<\/p>\n<p><a href=\"https:\/\/congresoucrlaalta.fundacionucr.org\/login.php\" target=\"_blank\" rel=\"noopener\" data-saferedirecturl=\"https:\/\/www.google.com\/url?q=https:\/\/congresoucrlaalta.fundacionucr.org\/login.php&amp;source=gmail&amp;ust=1696685307485000&amp;usg=AOvVaw2-xpgeq3OXCg9l5cNvVoT7\">https:\/\/congresoucrlaalta.<wbr \/>fundacionucr.org\/login.php<\/a><\/p>\n<p class=\" translation-block\">If you have any questions or need assistance during the payment process, please do not hesitate to contact our support team at <a href=\"mailto:congreso.elm@ucr.ac.cr\" target=\"_blank\" rel=\"noopener\">congreso.elm@ucr.ac.cr<\/a><\/p>\n<p>We look forward to seeing you at the congress!<\/p>\n<p>[\/et_pb_text][\/et_pb_column][\/et_pb_row][\/et_pb_section]<\/p>","protected":false},"excerpt":{"rendered":"<p>\u00a1Bienvenido al proceso de pago para el congreso\u00a0Integrating the global and the local: Current language teaching and language assessment practices in Latin America! Estamos emocionados por su participaci\u00f3n en este evento educativo centrado en las pr\u00e1cticas actuales de ense\u00f1anza de idiomas y evaluaci\u00f3n de idiomas en Am\u00e9rica Latina. Para asegurar su participaci\u00f3n en este enriquecedor [&hellip;]<\/p>","protected":false},"author":3,"featured_media":0,"parent":0,"menu_order":0,"comment_status":"closed","ping_status":"closed","template":"","meta":{"_et_pb_use_builder":"on","_et_pb_old_content":"<h1>Informaci\u00f3n de Pago<\/h1><p><img class=\"wp-image-489 aligncenter\" src=\"http:\/\/congresolenguas.ucr.ac.cr\/wp-content\/uploads\/2023\/10\/oso_perezoso_pelex_6-171x300.png\" alt=\"\" width=\"81\" height=\"142\" \/><\/p><p>\u00a1Bienvenido al proceso de pago para el congreso\u00a0<em>Integrating the global and the local: Current language teaching and language assessment practices in Latin America<\/em>! Estamos emocionados por su participaci\u00f3n en este evento educativo centrado en las pr\u00e1cticas actuales de ense\u00f1anza de idiomas y evaluaci\u00f3n de idiomas en Am\u00e9rica Latina.<\/p><p>Para asegurar su participaci\u00f3n en este enriquecedor congreso, por favor siga los pasos a continuaci\u00f3n:<\/p><p>1. Haga clic en el bot\u00f3n de pago.<\/p><p>2. Complete la informaci\u00f3n de facturaci\u00f3n requerida.<\/p><p>3. Proceda con el pago seguro a trav\u00e9s de nuestra plataforma.<\/p><p>Una vez que haya completado el proceso de pago, recibir\u00e1 una confirmaci\u00f3n por correo electr\u00f3nico con los detalles de su registro. Su participaci\u00f3n en el congreso estar\u00e1 garantizada.<\/p><p>\u00a1Gracias por ser parte de \"Integrating the Global and the Local\"! Esperamos con ansias compartir conocimientos y experiencias en el emocionante mundo de la ense\u00f1anza y evaluaci\u00f3n de idiomas en Am\u00e9rica Latina.<\/p><p><a href=\"https:\/\/congresoucrlaalta.fundacionucr.org\/login.php\" target=\"_blank\" rel=\"noopener\" data-saferedirecturl=\"https:\/\/www.google.com\/url?q=https:\/\/congresoucrlaalta.fundacionucr.org\/login.php&source=gmail&ust=1696685307485000&usg=AOvVaw2-xpgeq3OXCg9l5cNvVoT7\">https:\/\/congresoucrlaalta.<wbr \/>fundacionucr.org\/login.php<\/a><\/p><p>Si tiene alguna pregunta o necesita asistencia durante el proceso de pago, no dude en ponerse en contacto con nuestro equipo de soporte a\u00a0<a href=\"mailto:congreso.elm@ucr.ac.cr\" target=\"_blank\" rel=\"noopener\">congreso.elm@ucr.ac.cr<\/a><\/p><p>\u00a1Esperamos verle en el congreso!<\/p>","_et_gb_content_width":"","footnotes":""},"class_list":["post-488","page","type-page","status-publish","hentry"],"aioseo_notices":[],"_links":{"self":[{"href":"https:\/\/congresolenguas.ucr.ac.cr\/en\/wp-json\/wp\/v2\/pages\/488","targetHints":{"allow":["GET"]}}],"collection":[{"href":"https:\/\/congresolenguas.ucr.ac.cr\/en\/wp-json\/wp\/v2\/pages"}],"about":[{"href":"https:\/\/congresolenguas.ucr.ac.cr\/en\/wp-json\/wp\/v2\/types\/page"}],"author":[{"embeddable":true,"href":"https:\/\/congresolenguas.ucr.ac.cr\/en\/wp-json\/wp\/v2\/users\/3"}],"replies":[{"embeddable":true,"href":"https:\/\/congresolenguas.ucr.ac.cr\/en\/wp-json\/wp\/v2\/comments?post=488"}],"version-history":[{"count":3,"href":"https:\/\/congresolenguas.ucr.ac.cr\/en\/wp-json\/wp\/v2\/pages\/488\/revisions"}],"predecessor-version":[{"id":494,"href":"https:\/\/congresolenguas.ucr.ac.cr\/en\/wp-json\/wp\/v2\/pages\/488\/revisions\/494"}],"wp:attachment":[{"href":"https:\/\/congresolenguas.ucr.ac.cr\/en\/wp-json\/wp\/v2\/media?parent=488"}],"curies":[{"name":"wp","href":"https:\/\/api.w.org\/{rel}","templated":true}]}}